{"id":709,"date":"2020-11-14T20:22:12","date_gmt":"2020-11-14T19:22:12","guid":{"rendered":"http:\/\/hundeschule-querfeldein.de\/WP\/?page_id=709"},"modified":"2020-11-14T20:22:13","modified_gmt":"2020-11-14T19:22:13","slug":"anmeldeformular","status":"publish","type":"page","link":"https:\/\/hundeschule-querfeldein.de\/WP\/anmeldeformular\/","title":{"rendered":"Anmeldeformular"},"content":{"rendered":"<!-- HTML Forms v1.5.5 - https:\/\/wordpress.org\/plugins\/html-forms\/ -->\n<form method=\"post\"  class=\"hf-form hf-form-722 \" data-id=\"722\" data-title=\"Anmeldeformular\" data-slug=\"anmeldeformuar\" data-message-success=\"Danke f\u00fcr Ihre Anmeldung!\" data-message-invalid-email=\"Entschulding, aber diese Emailadresse scheint nicht korrekt zu sein!\" data-message-required-field-missing=\"Bitte die fehlenden Felder ausf\u00fcllen!\" data-message-error=\"Oops, irgendetwas ist schiefgegangen!\"><input type=\"hidden\" id=\"_wpnonce\" name=\"_wpnonce\" value=\"e21a5656fd\" \/><input type=\"hidden\" name=\"_wp_http_referer\" value=\"\/WP\/wp-json\/wp\/v2\/pages\/709\" \/><input type=\"hidden\" name=\"_hf_form_id\" value=\"722\" \/><div style=\"display: none;\"><input type=\"text\" name=\"_hf_h722\" value=\"\" \/><\/div><div class=\"hf-fields-wrap\"><div style=\"padding: 20px; text-align: center; color: #00a4e3; font-family: arial, helvetica, sans-serif; font-size: 14px; .requuired: red;\">\r\n    <hr style=\"background-color: #00a4e3;\">\r\n    <p style=\"text-align: left; color: black;\">Hiermit melde ich mich verbindlich zu folgendem Kurs bzw. zu folgenden Kursen an:<\/p>\r\n    <hr style=\"background-color: grey\">\r\n    <div style=\"text-align: left;\">\r\n      <input type=\"checkbox\" name=\"spaziergang\" value=\"ja\"> <b>Querfelldein Spaziergang<\/b> <span class=\"sg-popup-id-819\"><i class=\"fas fa-search\"><\/i><\/span>\r\n        <p style=\"color: black;\">10,-\u20ac Einzelpreis<\/p>\r\n        <hr style=\"background-color: grey\">\r\n        <input type=\"checkbox\" name=\"kleinefelle\" value=\"ja\"> <b>Gro\u00dfer Spa\u00df f\u00fcr kleine Felle<\/b> <span class=\"sg-popup-id-827\"><i class=\"fas fa-search\"><\/i><\/span>\r\n        <p style=\"color: black;\">10er Karte 165,-\u20ac<br>G\u00fcltigkeit der Kurskarte: 4 Monate ab dem 1. Trainingstag<\/p>\r\n        <hr style=\"background-color: grey\">\r\n        <input type=\"checkbox\" name=\"obedience\" value=\"ja\"> <b>Rallye Obedience<\/b> <span class=\"sg-popup-id-829\"><i class=\"fas fa-search\"><\/i><\/span>\r\n        <p style=\"color: black;\">1 Theorietermin (90 Min.) + 5 Praxistermine (je 60 Min.): 165,-\u20ac (feste Termine)<\/p>\r\n        <hr style=\"background-color: grey\">\r\n        <input type=\"checkbox\" name=\"spuernase\" value=\"ja\"> <b>Sp\u00fcrnasenkurs<\/b>  <span class=\"sg-popup-id-830\"><i class=\"fas fa-search\"><\/i><\/span>\r\n        <p style=\"color: black;\">1 Theorietermin (90 Min.) + 5 Praxistermine (je 60 Min.): 165,-\u20ac (feste Termine)<\/p>\r\n        <hr style=\"background-color: grey\">\r\n        <input type=\"checkbox\" name=\"kreistraining\" value=\"ja\"> <b>Kreistraining Workshop<\/b>  <span class=\"sg-popup-id-828\"><i class=\"fas fa-search\"><\/i><\/span>\r\n        <p style=\"color: black;\">1 Theorietermin (90 Min.) + 5 Praxistermine (je 60 Min.): 165,-\u20ac (feste Termine)<\/p>\r\n        <hr style=\"background-color: grey\">\r\n        <input type=\"checkbox\" name=\"physio\" value=\"ja\"> <b>Physio Fit & Fun mit Tierphysiotherapeutin Sabine Braun<\/b>  <span class=\"sg-popup-id-836\"><i class=\"fas fa-search\"><\/i><\/span>\r\n        <p style=\"color: black;\">Fester Kurs mit 6 Terminen. 240,-\u20ac<\/p>\r\n        <hr style=\"background-color: grey\">\r\n        <input type=\"checkbox\" name=\"grundkurs_welpen\" value=\"ja\"> <b>Grundkurs Welpen (8. - 16. Woche)<\/b> <span class=\"sg-popup-id-831\"><i class=\"fas fa-search\"><\/i><\/span>\r\n        <p style=\"color: black;\">8 Praxisstunden: 165,-\u20ac<br>G\u00fcltigkeit der Kurskarte 3 Monate ab dem 1. Trainingstag<\/p>\r\n        <hr style=\"background-color: grey\">\r\n        <input type=\"checkbox\" name=\"grundkurs_junghunde\" value=\"ja\"> <b>Grundkurs Junghunde (ab 4. Monat)<\/b>  <span class=\"sg-popup-id-832\"><i class=\"fas fa-search\"><\/i><\/span>\r\n        <p style=\"color: black;\">8 Praxisstunden: 165,-\u20ac<br>G\u00fcltigkeit der Kurskarte 3 Monate ab dem 1. Trainingstag<\/p>\r\n        <hr style=\"background-color: grey\">\r\n        <input type=\"checkbox\" name=\"fortschritt_junghunde\" value=\"ja\"> <b>Fortschritt Junghunde (Absolventen des Grundkurses)<\/b>  <span class=\"sg-popup-id-833\"><i class=\"fas fa-search\"><\/i><\/span>\r\n        <p style=\"color: black;\">8 Praxisstunden: 165,-\u20ac<br>G\u00fcltigkeit der Kurskarte 3 Monate ab dem 1. Trainingstag<\/p>\r\n        <hr style=\"background-color: grey\">\r\n        <input type=\"checkbox\" name=\"erwachsene_hunde\" value=\"ja\"> <b>Erziehung erwachsener Hunde<\/b>  <span class=\"sg-popup-id-834\"><i class=\"fas fa-search\"><\/i><\/span>\r\n        <p style=\"color: black;\">8 Praxisstunden: 165,-\u20ac<br>G\u00fcltigkeit der Kurskarte 3 Monate ab dem 1. Trainingstag<\/p>\r\n        <hr style=\"background-color: grey\">\r\n        <input type=\"checkbox\" name=\"ituepfelchen\" value=\"ja\"> <b>i-T\u00fcpfelchen<\/b>\r\n        <p style=\"color: black;\">8 Praxisstunden: 165,-\u20ac<br>G\u00fcltigkeit der Kurskarte 3 Monate ab dem 1. Trainingstag<\/p>\r\n        <hr style=\"background-color: grey\">\r\n        <input type=\"checkbox\" name=\"sport\" value=\"ja\"> <b>Querfelldein Sport und Spa\u00df<\/b>  <span class=\"sg-popup-id-835\"><i class=\"fas fa-search\"><\/i><\/span>\r\n        <p style=\"color: black;\">10 Praxisstunden: 165,-\u20ac<br>G\u00fcltigkeit der Kurskarte 3 Monate ab dem 1. Trainingstag<\/p>\r\n        <hr style=\"background-color: grey\">\r\n        <input type=\"checkbox\" name=\"hundefuehrerschein\" value=\"ja\"> <b>Vorbereitung auf den Hundef\u00fchrerschein BHV e.V.<\/b>  <span class=\"sg-popup-id-838\"><i class=\"fas fa-search\"><\/i><\/span>\r\n        <p style=\"color: black;\">15 Praxisstunden: 350,-\u20ac<\/p>\r\n        <hr style=\"background-color: grey\">\r\n        <b>Vorbereitung auf die praktische Sachkundepr\u00fcfungf\u00fcr Hundetrainer nach \u00a711 TSchG  <span class=\"sg-popup-id-839\"><i class=\"fas fa-search\"><\/i><\/span>\r\n        <ul>\r\n          <li>Trainingsplan erstellen<\/li>\r\n          <li>Trainingsplan erkl\u00e4ren<\/li> \r\n          <li>PraktischeDurchf\u00fchrung<\/li> \r\n          <li>Training mit dem eigenen Hund<\/li>\r\n        <\/ul><\/b>\r\n        <div style=\"color: black;\">\r\n          <input type=\"checkbox\" name=\"sachkunde_stunden\" value=\"ja\"> 6 Stunden: 119,-\u20ac\r\n          <input type=\"checkbox\" name=\"sachkunde_abo\" value=\"ja\"> 4er Abo: 428,-\u20ac\r\n          <\/div>\r\n        <hr style=\"background-color: grey\">\r\n        <hr style=\"background-color: grey\">\r\n        <p style=\"color: #00a4e3;\"><b>Kosten f\u00fcr die Anfahrt<\/b><\/p>\r\n        <div style=\"display:flex; justify-content: space-between; color: black;\">\r\n          <div>10-20km: 5,95\u20ac<\/div>\r\n          <div>21-30km: 11,90\u20ac<\/div>\r\n          <div>31-50km: 17,85\u20ac<\/div>\r\n          <div> gr\u00f6\u00dfer 50km: 23,80\u20ac<\/div>\r\n        <\/div>\r\n        <hr style=\"background-color: grey\">\r\n        <hr style=\"background-color: grey\">\r\n        <fieldset style=\"border: 2px solid black; border-radius: .4em;\">\r\n          <legend><b>Informationen zu Halter und Hund<\/b><\/legend>\r\n          <p style=\"color: black;\">Vorname: <input type=\"text\" name=\"vorname\" style=\"width:30%!important; border-radius: .4em;\" required> &nbsp &nbsp &nbsp Nachname: <input type=\"text\" name=\"nachname\" style=\"width:30%!important; border-radius: .4em;\" required><\/p>\r\n          <p style=\"color: black;\">Telefon: <input type=\"text\" name=\"telefon\" style=\"width:25%!important; border-radius: .4em;\" required> &nbsp &nbsp &nbsp Mobil: <input type=\"text\" name=\"mobil\" style=\"width:25%!important; border-radius: .4em;\">  &nbsp &nbsp &nbsp Email: <input type=\"email\" name=\"email\" style=\"width:25%!important; border-radius: .4em;\" required><\/p>\r\n          <p style=\"color: black;\">Name des Hundes: <input type=\"text\" name=\"hund_name\" size=\"40\" style=\"width:250px!important; border-radius: .4em;\" required> &nbsp &nbsp &nbsp Rasse: <input type=\"text\" name=\"hund_rasse\" size=\"40\" style=\"width:250px!important; border-radius: .4em;\"><\/p>\r\n          <p style=\"color: black;\">Geschlecht des Hundes: &nbsp <input type=\"radio\" name=\"hund_geschlecht\" value=\"huendin\"> H\u00fcndin &nbsp <input type=\"radio\" name=\"hund_geschlecht\" value=\"ruede\"> R\u00fcde &nbsp &nbsp &nbsp &nbsp &nbsp &nbsp Kastriert? &nbsp <input type=\"radio\" name=\"hund_kastriert\" value=\"kastriert\"> Ja &nbsp <input type=\"radio\" name=\"hund_kastriert\" value=\"intakt\"> Nein<\/p>\r\n          <p style=\"color: black;\">Vertr\u00e4glichkeit mit Hunden: &nbsp <input type=\"radio\" name=\"hund_mit_hunden\" value=\"ja\"> Gut &nbsp <input type=\"radio\" name=\"hund_mit_hunden\" value=\"nein\"> Nicht so gut<\/p>\r\n          <p style=\"color: black;\">Vertr\u00e4glichkeit mit Menschen: &nbsp <input type=\"radio\" name=\"hund_mit_menschen\" value=\"ja\"> Gut &nbsp <input type=\"radio\" name=\"hund_mit_menschen\" value=\"nein\"> Nicht so gut<\/p>\r\n          <p style=\"color: black;\">Einschr\u00e4nkungen (Allergien, Krankheiten der Gelenke, L\u00e4ufigkeit etc.:<br> <textarea rows=\"6\" cols=\"70\" name=\"einschraenkungen\" style=\"border-radius: .4em;\"><\/textarea><\/p>\r\n        <\/fieldset>\r\n        <hr style=\"background-color: grey\">\r\n        <hr style=\"background-color: grey\">\r\n        <div style=\"color: black;\">\r\n          <p>F\u00fcr alle Kurse gelten die AGBs der Hundeschule Querfelldein.<\/p>\r\n          <p><b>Zum ersten Termin bitte Impfpass und Kopie der g\u00fcltigen Hundehaftpflichtversicherungspolice mitbringen.<\/b><\/p> \r\n          <p>Hundeschule Querfelldein<br>Mehrbachtalstr. 14, 57635 Mehren &nbsp &nbsp &nbsp Mobil: 0176 \/ 97 57 88 75<br>Mail: <a href=\"mailto:info@hundeschule-querfelldein.de\">info@hundeschule-querfelldein.de<\/a> &nbsp &nbsp &nbsp Web: <a href=\"www.hundeschule-querfelldein.de\">www.hundeschule-querfelldein.de<\/a><\/p>\r\n          <p><b>Mit meiner Unterschrift best\u00e4tige ich, dass mir bekannt ist, dass Absagen f\u00fcr offene Gruppen-Kurse 24h vor dem Teilnahmetermin erfolgen m\u00fcssen, sonst werden sie mir in Rechnung gestellt. Absagen f\u00fcr Einzeltermine und Hausbesuche m\u00fcssen 48h vor dem Teilnahmetermin erfolgen, sonst werden sie mir in Rechnung gestellt.<\/b><\/p>\r\n        <\/div>\r\n      <br>\r\n\t  <div style=\"color: black;\">\r\n    <p>\r\n      Hundeschule Querfelldein verpflichtet sich, Ihre Privatsph\u00e4re zu sch\u00fctzen und zu \r\n      respektieren. Wir verwenden Ihre pers\u00f6nlichen Daten nur zur Verwaltung Ihres Kontos \r\n      und zur Bereitstellung der von Ihnen angeforderten Produkte und Dienstleistungen.  \r\n      Von Zeit zu Zeit m\u00f6chten wir Sie \u00fcber unsere Produkte und Dienstleistungen sowie \r\n      andere Inhalte, die f\u00fcr Sie von Interesse sein k\u00f6nnten, informieren. Wenn Sie damit \r\n      einverstanden sind, dass wir Sie zu diesem Zweck kontaktieren, geben Sie bitte unten\r\n      an, ob Sie von uns kontaktiert werden m\u00f6chten:\r\n    <\/p>\r\n\r\n    <p>\r\n      <input type=\"checkbox\" name=\"gdpr_optin\" value=\"ja\"> <b>Ich stimme zu, andere\r\n      Benachrichtigungen von Hundeschule Querfelldein zu erhalten.<\/b>\r\n    <\/p>\r\n\r\n\t<p>\r\n      Um Ihnen die gew\u00fcnschten Inhalte bereitzustellen, m\u00fcssen wir Ihre pers\u00f6nlichen \r\n      Daten speichern und verarbeiten. Wenn Sie damit einverstanden sind, dass wir Ihre \r\n      pers\u00f6nlichen Daten f\u00fcr diesen Zweck speichern, aktivieren Sie bitte das folgende \r\n      Kontrollk\u00e4stchen.\r\n    <\/p>\r\n\r\n    <p>\r\n      <input type=\"checkbox\" name=\"dsgvo_speichern\" value=\"ja\" required> <b>Ich stimme der \r\n      Speicherung und Verarbeitung meiner pers\u00f6nlichen Daten durch \r\n      Hundeschule Querfelldein zu.<\/b>\r\n    <\/p>\r\n\r\n\t<p>\r\n      Sie k\u00f6nnen diese Benachrichtigungen jederzeit abbestellen. Weitere Informationen \r\n      zum Abbestellen, zu unseren Datenschutzverfahren und dazu, wie wir Ihre \r\n      Privatsph\u00e4re sch\u00fctzen und respektieren, finden Sie in unserer Datenschutzrichtlinie.\r\n    <\/p>\r\n  <\/div>\r\n  <br>\r\n  <p><input type=\"submit\" value=\"Abschicken\"><\/p> <noscript>Damit dieses Formular funktioniert bitte JavaScript aktivieren.<\/noscript><\/div><\/form><!-- \/ HTML Forms -->\n","protected":false},"excerpt":{"rendered":"","protected":false},"author":1,"featured_media":0,"parent":0,"menu_order":0,"comment_status":"closed","ping_status":"closed","template":"","meta":{"content-type":"","footnotes":""},"class_list":["post-709","page","type-page","status-publish","hentry"],"_links":{"self":[{"href":"https:\/\/hundeschule-querfeldein.de\/WP\/wp-json\/wp\/v2\/pages\/709","targetHints":{"allow":["GET"]}}],"collection":[{"href":"https:\/\/hundeschule-querfeldein.de\/WP\/wp-json\/wp\/v2\/pages"}],"about":[{"href":"https:\/\/hundeschule-querfeldein.de\/WP\/wp-json\/wp\/v2\/types\/page"}],"author":[{"embeddable":true,"href":"https:\/\/hundeschule-querfeldein.de\/WP\/wp-json\/wp\/v2\/users\/1"}],"replies":[{"embeddable":true,"href":"https:\/\/hundeschule-querfeldein.de\/WP\/wp-json\/wp\/v2\/comments?post=709"}],"version-history":[{"count":3,"href":"https:\/\/hundeschule-querfeldein.de\/WP\/wp-json\/wp\/v2\/pages\/709\/revisions"}],"predecessor-version":[{"id":724,"href":"https:\/\/hundeschule-querfeldein.de\/WP\/wp-json\/wp\/v2\/pages\/709\/revisions\/724"}],"wp:attachment":[{"href":"https:\/\/hundeschule-querfeldein.de\/WP\/wp-json\/wp\/v2\/media?parent=709"}],"curies":[{"name":"wp","href":"https:\/\/api.w.org\/{rel}","templated":true}]}}