{"id":172,"date":"2020-11-04T22:38:27","date_gmt":"2020-11-04T21:38:27","guid":{"rendered":"http:\/\/hundeschule-querfeldein.de\/WP\/?page_id=172"},"modified":"2020-11-28T22:06:20","modified_gmt":"2020-11-28T21:06:20","slug":"ueber-uns-2","status":"publish","type":"page","link":"https:\/\/hundeschule-querfeldein.de\/WP\/ueber-uns-2\/","title":{"rendered":"\u00dcber uns"},"content":{"rendered":"<p><span style=\"\"><img decoding=\"async\" alt=\"\" data-id=\"270\" data-init-width=\"550\" data-init-height=\"487\" title=\"Profilbild\" loading=\"lazy\" src=\"\/\/hundeschule-querfeldein.de\/WP\/wp-content\/uploads\/2020\/11\/Profilbild-1.jpg\" data-width=\"176\" data-height=\"156\" style=\"\" ml-d=\"-1\" mt-d=\"0\" width=\"176\" height=\"156\"><\/span><span style=\"\"><img decoding=\"async\" alt=\"\" data-id=\"271\" data-init-width=\"750\" data-init-height=\"477\" title=\"petra_vogt\" loading=\"lazy\" src=\"\/\/hundeschule-querfeldein.de\/WP\/wp-content\/uploads\/2020\/11\/petra_vogt-1.jpg\" data-width=\"239\" data-height=\"152\" style=\"\" ml-d=\"-1\" mt-d=\"0\" width=\"239\" height=\"152\"><\/span><span style=\"\"><img decoding=\"async\" alt=\"\" data-id=\"272\" data-init-width=\"1728\" data-init-height=\"1152\" title=\"helma\" loading=\"lazy\" src=\"\/\/hundeschule-querfeldein.de\/WP\/wp-content\/uploads\/2020\/11\/helma-1.jpg\" data-width=\"229\" data-height=\"153\" style=\"\" ml-d=\"-1\" width=\"229\" height=\"153\"><\/span><\/p>\n<h1>Sigrid Lufen<\/h1>\n<p>Mein Name ist Sigrid Lufen, Jahrgang 1962.<\/p>\n<p>Mit meinem Mann und meinen zwei Border Collie Mixen Troll und Hexe lebe ich im sch\u00f6nen Fachwerkdorf Mehren im Westerwald. In meinem fr\u00fcheren Berufsleben war ich 28 Jahre lang als Biologisch-technische Assistentin in der Forschung t\u00e4tig, zuletzt in der Molekularbiologie. Nach dem der Betrieb, f\u00fcr den ich t\u00e4tig war, 2011 den Standort K\u00f6ln aufgab, habe ich mich entschlossen, meinem langgehegten Wunsch nachzugehen und eine fundierte Ausbildung zur Hundetrainerin zu absolvieren.<\/p>\n<p>Viele Recherchen lie\u00dfen mich fast verzweifeln, denn in den meisten Ausbildungen wurde immer nur ein Weg als der ultimativ richtige gepredigt und meine eigene Erfahrung im Training mit unseren eigenen Hunden zeigte mir, dass doch jeder Hund und jeder Halter anders ist und es deshalb auch nicht immer den EINEN Weg geben kann um sein Ziel zu erreichen.<\/p>\n<p>Als ich dann die Ausbildung des BHV e.V. (<a href=\"https:\/\/www.hundeschulen.de\/hundetrainer\/hundetrainer-werden-im-bhv.html\" style=\"outline: currentcolor none medium;\" target=\"_blank\" rel=\"noopener\">Berufsverband der Hundeerzieher\/innen und Verhaltensberater\/innen e.V.<\/a>) und der IHK Potsdam entdeckte, wurde mir klar, dass ich damit meinen Traum erf\u00fcllen konnte und so begann ich im M\u00e4rz 2012 mit der Ausbildung zur Hundeerzieherin und Verhaltensberaterin IHK|BHV mit 312 Theorie- und 600 Praxisstunden bei namhaften Hundetrainern und schlo\u00df diese Ausbildung im September 2013 erfolgreich ab.<\/p>\n<p>Parallel dazu er\u00f6ffnete ich im Februar 2012 meine mobile Hundeschule Querfelldein und trainiere und berate Kunden im Westerwald, aber auch im gesamten Rhein-Sieg-Kreis.<\/p>\n<h1>Erlaubnis nach \u00a711 TierSchG<\/h1>\n<p>Am 21.05.2015 habe ich vom Veterin\u00e4ramt Altenkirchen meine Erlaubnis nach \u00a7 11 Abs. 1 Nr. 8 f Tierschutzgesetz (TierSchG) zur Aus\u00fcbung meiner T\u00e4tigkeit als Hundetrainerin, erhalten. Wegen meiner Zertifizierung durch den BHV e.V. und die IHK Potsdam war eine erneute Pr\u00fcfung durch die Landestier\u00e4rztekammer RLP nicht notwendig.<\/p>\n<p>Ab dem 01.08.2014 ben\u00f6tigt derjenige eine Erlaubnis, der gewerbsm\u00e4\u00dfig f\u00fcr Dritte Hunde ausbildet oder die Ausbildung der Hunde durch den Tierhalter anleitet (\u00a7 11 Abs. 1 Nr. 8 f Tierschutzgesetz (TierSchG) vom 18.05.2006 neuer Fassung (n. F.)). Diese Erlaubnispflicht gilt auch f\u00fcr verhaltenstherapeutische T\u00e4tigkeiten. Gewerbsm\u00e4\u00dfig bedeutet hierbei, dass die T\u00e4tigkeit selbstst\u00e4ndig, planm\u00e4\u00dfig, fortgesetzt und mit der Absicht der Gewinnerzielung ausge\u00fcbt wird.<\/p>\n<h1>Was mir wichtig ist:<\/h1>\n<ul>\n<li>Gewaltfreier Umgang mit dem Hund als Partner<\/li>\n<li>Bed\u00fcrfnisse von Mensch und Hund beachten &#8211; jedes Team ist anders<\/li>\n<li>Training und Beratung individuell je nach Team<\/li>\n<li>Bei der Gruppenzusammenstellung wird darauf geachtet, dass die Teams zusammen passen und das ein respektvoller Umgang untereinander und mit den Hunden herrscht<\/li>\n<li>Fortbildung meinerseits mehrmals pro Jahr l\u00e4sst Sie von den neusten Methoden im Training profitieren<\/li>\n<\/ul>\n<h1>Was Sie erwarten k\u00f6nnen:<\/h1>\n<ul>\n<li>Spa\u00df im Training mit Ihrem Hund in kleinen Gruppen oder im Einzeltraining<\/li>\n<li>Erfolg wenn pl\u00f6tzlich der Hund das tut, was SIE m\u00f6chten<\/li>\n<li>Mobilit\u00e4t und Flexibilit\u00e4t, trainiert wird da, wo es Sinn macht, ob auf dem Spaziergang, in der Stadt, bei Ihnen zu Hause oder auf dem Trainingsplatz<\/li>\n<li>Bindung &amp; Vertrauen zwischen Ihnen und Ihrem Hund wird sich im Laufe des Trainings entwickeln, die Basis und ein Versprechen f\u00fcr ein erfolgreiches Miteinander, damit auch Sie und Ihr Hund bald ein TEAM sind.<\/li>\n<li>Neuste wissenschaftliche Erkenntnisse \u00fcber das Lernverhalten der Hunde bilden die Grundlage f\u00fcr Training und Beratung<\/li>\n<\/ul>\n<h1>Fortbildung:<\/h1>\n<ul>\n<li>07\/2015 Praxisseminar \u201eAusbildung f\u00fcr Ausbilder &#8211; H\u00fchnermodul III\u201c Signale und Signalkontrolle. Ein Verhalten zu bekommen, ist ja relativ einfach. Aber es zuverl\u00e4ssig zu bekommen und dann, wenn man es will, das ist eine ganz andere Herausforderung. Daran wird in diesem Modul gearbeitet. Wie wohl sonst in keinem anderen Training lehren die H\u00fchner die Teilnehmer die Essenz von Signalen und Signalkontrolle, was dann nat\u00fcrlich auf das Training von anderen Tierarten zu \u00fcbertragen ist. \u2013 Viviane Theby, Tierakademie Scheuerhof<\/li>\n<li>05\/2015 Praxisseminar \u201eAusbildung f\u00fcr Ausbilder &#8211; H\u00fchnermodul II\u201c Trainingskriterien und Trainingsplan. Im Detail lernen die Teilnehmer, wie man einen Trainingsplan erstellt und den dann nat\u00fcrlich auch in die Tat umsetzt. Es werden unterschiedliche Trainingswege angewandt, um m\u00f6glichst effektiv Verhalten zu bekommen. \u2013 Viviane Theby, Tierakademie Scheuerhof<\/li>\n<li>04\/2015 Vortrag \u201eGruppenleitung in Hundegruppen\u201c \u2013 G\u00fcnther Bloch, \u201eDie R\u00fcckkehr der W\u00f6lfe nach Deutschland\u201c \u2013 Gastrednerin: Elli H. Radinger<\/li>\n<li>Seit 04\/2015 Online Hundetrainer Ausbildung der Tierakademie Scheuerhof \u2013 Viviane Theby<\/li>\n<li>Canine Scent Detection Workshop \u2013 Dr. Roger Abrantes<\/li>\n<li>03\/2015 Tagesseminar &#8211; PD Dr. Udo Ganslosser und Team (Ivonne Spitzley, Nicole Elsing, Britta Str\u00fcwe): Neue Ergebnisse zu Themen der Stressforschung beim Hund<\/li>\n<li>11\/2014 Vortrag \u201eZappelphillip &#8211; der hyperaktive Hund\u201c \u2013 Sophie Strodtbeck<\/li>\n<li>11\/2014 Besuch der ASCA Nationals in Bryan, Texas, USA http:\/\/www.asca2014.com\/<\/li>\n<li>Seit 10\/2014: TOP Trainerausbildung \u201eTraining optimieren und perfektionieren\u201c Viviane Theby, Tierakademie Scheuerhof<\/li>\n<li>08\/2014:\n<ul>\n<li>Seminar \u201eSchneller und effektiver trainieren\u201c \u2013 Bob Bailey, Parvene Farhoody<\/li>\n<li>Seminar \u201eDenn was man schwarz auf wei\u00df besitzt\u2026\u201c \u2013 Bob Bailey, Parvene Farhoody<\/li>\n<\/ul>\n<\/li>\n<li>06\/2014: Seminar \u201eBeziehung, Bindung und verhaltensbiologische Methodik zum zielorientierten Umgang mit angst-aggressiven Haushunden\u201c \u2013 G\u00fcnther Bloch<\/li>\n<li>04\/2014: Praxisseminar \u201eAusbildung f\u00fcr Ausbilder &#8211; H\u00fchnermodul I\u201c Grundlagen der operanten Konditionierung, Timing, Kriterien und Belohnungsrate, Voraussetzung f\u00fcr gutes Training. Jeder Trainer bringt einem Huhn bei, Farben und dem anderen Formen zu unterscheiden. \u2013 Viviane Theby, Tierakademie Scheuerhof<\/li>\n<li>03\/2014: Vorbereitungsseminar \u201eOperant Conditioning Workshop\u201c \u2013 Viviane Theby, Katja Frey<\/li>\n<li>11\/2013: Seminar \u201e\u00c4ngstliche Hunde\u201c &#8211; Mirjam Cordt<\/li>\n<li>11\/2013: Abendvortrag \u201eUnd weit und breit kein Schaf in Sicht\u201c &#8211; Normen Mrozinski<\/li>\n<li>08\/2013: Seminar \u201eTierheim &#8211; Problemhunde\u201c \u2013 Ariane Ullrich und Simone Pohl<\/li>\n<li>07\/2013: Workshop \u201eBodenarbeit\u201c \u2013 Sonja Wissmann<\/li>\n<li>06\/2013: Workshop \u201eEntspannungstechniken\u201c \u2013 Conny Harms<\/li>\n<li>05\/2013: Seminar f\u00fcr Trainer \u201eDie wunderbare Kreisarbeit\u201c \u2013 Anette Knobloch<\/li>\n<li>11\/2012: Vortrag \u201eHunde &amp; Kinder \u2026 was jeder Hundehalter wissen sollte!\u201c \u2013 Christiane Wergowski<\/li>\n<li>09\/2012:\n<ul>\n<li>Seminar \u201eVerhaltensentwicklung von Hunden \u2013 Normalit\u00e4t und St\u00f6rung\u201c \u2013 Dr. Feddersen-Petersen<\/li>\n<li>Vortrag \u201eTierschutzwidrige Hundeausbildung\u201c \u2013 Dr. Feddersen-Petersen<\/li>\n<\/ul>\n<\/li>\n<li>02\/2012: Teilnahme an den BHV-Kursen\n<ul>\n<li>\u201eFeinheiten der Belohnung\u201c \u2013 Viviane Theby<\/li>\n<li>\u201eClickern mit Menschen\u201c \u2013 Viviane Theby<\/li>\n<li>\u201eTellington Touch\u201c \u2013 Gaby Maue<\/li>\n<\/ul>\n<\/li>\n<\/ul>\n<h1>Praktika in BHV-Hundeschulen (600 Std.)<\/h1>\n<ul>\n<li>Pro-Dog, Simone Pohl, Gro\u00df- Kienitz<\/li>\n<li>Hundeschule und Verhaltensberatung Seib, Reinhard Seib, Waldbr\u00f6hl<\/li>\n<li>AHA Hundeausbildung, Beate Poetting, Vlotho<\/li>\n<li>AHA Hundeausbildung, Sabine Winkler, Bielefeld<\/li>\n<li>Hundeschule Baumgarten, Christiane Wergowski<\/li>\n<li>Tierakademie Scheuerhof, Viviane Theby und Michaela Harres, Wittlich<\/li>\n<li>Struppi &amp; Co, Barbara Sch\u00f6ning und Kerstin R\u00f6hrs, Hamburg<\/li>\n<\/ul>\n<\/p>\n<h1>Petra Vogt<\/h1>\n<p>Mein Name ist Petra Vogt, ich bin Jahrgang 1959 und lebe seit 2008 wieder in Eitorf, wo ich auch vor vielen Jahren mein Abitur gemacht habe. Aufgewachsen mit einem Boxerr\u00fcden, einem Islandpony, H\u00fchnern, Katzen und Forellen (in Teichen) fasziniert mich die Tierwelt heute genauso wie schon als Kind &#8211; wobei die S\u00e4ugetiere durchaus meine Favoriten sind.<\/p>\n<p>Zurzeit begleiten mich und meinen Lebensgef\u00e4hrten die beiden Golden Retriever R\u00fcden Mitch und Murphy. Die rassetypische Besch\u00e4ftigung f\u00fcr diese Jagdhunde ist die Apportierarbeit \u2013 also die Dummyarbeit. Dieser, urspr\u00fcnglich aus der Jagdhundeausbildung stammende Hundesport, ist leider noch nicht sehr verbreitet und die Suche nach einer Hundeschule, die Dummytraining anbietet und ausschlie\u00dflich mit positiver Verst\u00e4rkung arbeitet, gestaltete sich als sehr schwierig.<\/p>\n<p>Und Anfahrtswege von einer Stunde und mehr kann ich \u2013 durch meine Berufst\u00e4tigkeit \u2013 nicht in Kauf nehmen. Anfang des Jahres habe ich mich dann dazu entschlossen, die \u00dcberlegung \u201eWenn es das hier nicht gibt, dann mach es halt selbst\u201c in die Tat umzusetzen und die Ausbildung zum Hundetrainer bei der Tierakademie Scheuerhof begonnen. Auf die Tierakademie bin ich durch die Suche nach Unterrichtsmaterial f\u00fcr Clickertraining mit Pferden aufmerksam geworden. Nach und nach kamen \u2013 fast \u2013 alle B\u00fccher und DVDs von Viviane Theby dazu. Die Trainingswege, die dort aufgezeigt werden, sind vielf\u00e4ltig und k\u00f6nnen auf jedes individuelle Mensch-Tier-Team angepasst werden. Das Training basiert auf lerntheoretischen Grundlagen und den Bed\u00fcrfnissen der Tiere. Es gibt keinen dogmatischen Ausschlie\u00dflichkeitsanspruch wie bei manch anderen Trainingsmethoden. Den praktischen Teil der Ausbildung werde ich gr\u00f6\u00dftenteils in der Hundeschule Querfelldein von Sigrid Lufen absolvieren, die als TOP Trainerin auch Praxisbetrieb der Tierakademie Scheuerhof ist.<\/p>\n<p>Da ich in meinem anderen Leben als Betriebswirtin in Teilzeit bei einem gro\u00dfen Jugendverband t\u00e4tig bin und mit meinem Lebensgef\u00e4hrten zusammen eine kleine Firma betreibe, wird es mit der Hundetrainerausbildung ein wenig l\u00e4nger dauern. Aber der Anfang ist gemacht und ich freue mich sehr auf die vielen spannenden Erlebnisse und Erfahrungen, die auf mich und nat\u00fcrlich auf die Hunde warten. Ach ja, schwerpunktm\u00e4\u00dfig werde ich mich, wie man sich sicher denken kann, mit der Dummyarbeit und dem Antijagdtraining besch\u00e4ftigen. So ist der Plan. Die ersten Seminare daf\u00fcr sind schon gebucht und werden dann in das Trainingsangebot der Hundeschule Querfelldein aufgenommen \u2013 nat\u00fcrlich nicht nur f\u00fcr Retriever.<\/p>\n<\/p>\n<\/p>\n<h1>Helma Quentmaier<\/h1>\n<p>Mein Name ist Helma Quentmeier und ich bin 1965 in Leverkusen geboren.<\/p>\n<p>Seit 2010 lebe ich mit meinem Mann und meiner Rasselbande im sch\u00f6nen Westerwald. Mein kleine Hundegruppe besteht aus Buddy, dem blinden Sunny und seiner Schwester Hera (Malinois), Timo (Deutscher Sch\u00e4ferhund, Duke (Wei\u00dfer\/Deutscher Sch\u00e4ferhund Mix) Josie (Wei\u00dfer Sch\u00e4ferhund\/Husky-Mix), Paul und Spike, die S\u00f6hne von Hera und Duke (Malinois\/Deutscher Sch\u00e4ferhund\/Wei\u00dfer Sch\u00e4ferhund Mix).<\/p>\n<p>In den letzten 39 Jahren habe ich in einem gro\u00dfen Konzern in Nordrhein-Westfalen als Trainerin, Compliance Managerin und zuletzt als Auditorin mit einem gro\u00dfen Anteil Reiset\u00e4tigkeit gearbeitet.<\/p>\n<p>Hunde und Tiere \u00fcberhaupt sind meine Leidenschaft. Deshalb engagiere ich mich im Tierschutz und helfe mit unserem Verein \u201eWir f\u00fcr Euch e.V.\u201c aktiv vor Ort im Ausland zur Selbsthilfe mit Aufkl\u00e4rungsarbeiten und Kastrationsprojekten.<\/p>\n<p>Mit meinen Hunden bin ich seit einigen Jahren bei Sigrid Lufen in der Hundeschule Querfelldein und war von Anfang an von ihrem Training begeistert. Hier wird bei jedem individuell auf die Bed\u00fcrfnisse des einzelnen Hund-Mensch-Teams eingegangen. Auch mit meinem blinden Hund Sunny haben wir schon trainiert und gelernt, wie wir Sunny das Leben noch mehr erleichtern k\u00f6nnen und welche Hilfestellungen Sunny noch von uns ben\u00f6tigt.<\/p>\n<p>Schon lange habe ich \u00fcberlegt, ob ich nicht die Ausbildung zur Hundetrainerin beginnen soll. Da dies zeitlich bei mir durch meine Reiset\u00e4tigkeit nie m\u00f6glich war, habe ich mich letztes Jahr zur Ausbildung als Tierheilpraktikerin mit dem ersten Schwerpunkt in der Pflanzenheilkunde entschieden, da dies f\u00fcr mich machbar war.<\/p>\n<p>Ausschlaggebend, dass ich mich f\u00fcr die Ausbildung zur Hundetrainerin entschieden habe, war das MEER-Training mit der Hundeschule Querfelldein und der Hundeschule am Schwanheimer Wald (Corinna Dammann) in Holland im M\u00e4rz 2020. Ich hatte meine H\u00fcndin Hera dabei, die durch traumatische Erlebnisse als Welpe in Rum\u00e4nien wenig Selbstvertrauen hatte und bei neuen Situationen eher ausgewichen ist. Ich bin hingefahren mit einer H\u00fcndin, die in vielen Situationen \u00e4ngstlich reagiert hat und keinerlei Selbstvertrauen hatte. In Holland konnte ich sehen, wie durch das intensive Training und auch durch die Zeit, die wir zwei in dieser Woche ganz eng miteinander verbracht haben, aus meiner Hera eine H\u00fcndin wurde, die aufrecht und stolz mitl\u00e4uft, sich neuen Situationen stellt und auch Zuhause das Selbstbewusstsein nicht verloren hat \u2013 im Gegenteil.<\/p>\n<p>Ich war von der Arbeit, die vor Ort von den Trainern und den Hundetrainer-Azubis geleistet wurde, total begeistert, da ich auch t\u00e4glich den Erfolg wachsen sah. Schon in Holland hat mich der Gedanke nicht losgelassen. Drei Tage nachdem wir wieder Zuhause waren, habe ich mich entschieden, mich ebenfalls bei der Tierakademie Scheuerhof ausbilden zu lassen. Den gr\u00f6\u00dften Teil der praktischen Ausbildung werde ich in der Hundeschule Querfelldein (Praxisbetrieb der Tierakademie Scheuerhof) absolvieren.<\/p>\n<p>Ich freue mich auf die vor mir liegende Zeit der Ausbildung. Ich habe zwar schon eine Idee, was meine Schwerpunkte sein werden, aber das wird sich im Laufe der Zeit noch genau ergeben.&nbsp;<\/p>\n","protected":false},"excerpt":{"rendered":"<p>Sigrid Lufen Mein Name ist Sigrid Lufen, Jahrgang 1962. Mit<span class=\"more-button\"><a href=\"https:\/\/hundeschule-querfeldein.de\/WP\/ueber-uns-2\/\" class=\"more-link\">Weiterlesen<span class=\"screen-reader-text\">\u00dcber uns<\/span><\/a><\/span><\/p>\n","protected":false},"author":1,"featured_media":0,"parent":0,"menu_order":0,"comment_status":"closed","ping_status":"closed","template":"","meta":{"content-type":"","footnotes":""},"class_list":["post-172","page","type-page","status-publish","hentry"],"_links":{"self":[{"href":"https:\/\/hundeschule-querfeldein.de\/WP\/wp-json\/wp\/v2\/pages\/172","targetHints":{"allow":["GET"]}}],"collection":[{"href":"https:\/\/hundeschule-querfeldein.de\/WP\/wp-json\/wp\/v2\/pages"}],"about":[{"href":"https:\/\/hundeschule-querfeldein.de\/WP\/wp-json\/wp\/v2\/types\/page"}],"author":[{"embeddable":true,"href":"https:\/\/hundeschule-querfeldein.de\/WP\/wp-json\/wp\/v2\/users\/1"}],"replies":[{"embeddable":true,"href":"https:\/\/hundeschule-querfeldein.de\/WP\/wp-json\/wp\/v2\/comments?post=172"}],"version-history":[{"count":10,"href":"https:\/\/hundeschule-querfeldein.de\/WP\/wp-json\/wp\/v2\/pages\/172\/revisions"}],"predecessor-version":[{"id":924,"href":"https:\/\/hundeschule-querfeldein.de\/WP\/wp-json\/wp\/v2\/pages\/172\/revisions\/924"}],"wp:attachment":[{"href":"https:\/\/hundeschule-querfeldein.de\/WP\/wp-json\/wp\/v2\/media?parent=172"}],"curies":[{"name":"wp","href":"https:\/\/api.w.org\/{rel}","templated":true}]}}